{"id":87195,"date":"2020-01-24T12:54:29","date_gmt":"2020-01-24T11:54:29","guid":{"rendered":"https:\/\/www.samorovan.com\/?page_id=87195"},"modified":"2020-01-29T14:00:41","modified_gmt":"2020-01-29T13:00:41","slug":"portoroz-porocni-fotograf","status":"publish","type":"page","link":"https:\/\/www.samorovan.com\/sl\/portoroz-porocni-fotograf\/","title":{"rendered":"PORTORO\u017d PORO\u010cNI FOTOGRAF"},"content":{"rendered":"\n<h4>Samo Rovan<\/h4>\n\n\n\n<p>Pozdravljena, draga bodo\u010da mladoporo\u010denca!<\/p>\n\n\n\n<p>\u010cestitke za vajino zaroko!\u00a0Navdu\u0161en sem, da se \u017eelita poro\u010diti v <a href=\"https:\/\/www.portoroz.si\/si\/\" target=\"_blank\" rel=\"noreferrer noopener\" aria-label=\"Portoro\u017eu (opens in a new tab)\">Portoro\u017eu<\/a>.\u00a0Odlo\u010dila sta se, da se bosta poro\u010dila na enem izmed najlep\u0161ih krajev v Sloveniji. Portoro\u017e ponuja \u0161tevilne \u010dudovite poro\u010dne lokacije, najbolj\u0161e koti\u010dke za poroke ali zaobljube. Res sem vesel vajine poro\u010dne avanture v Portoro\u017eu . Dobrodo\u0161la!<\/p>\n\n\n\n<p class=\"has-text-align-center\">*<\/p>\n\n\n\n<figure class=\"wp-block-gallery aligncenter columns-0 is-cropped\"><ul class=\"blocks-gallery-grid\"><\/ul><\/figure>\n\n\n\n<p>Sem Samo Rovan, poro\u010dni fotograf v Portoro\u017eu. Kot destinacijski poro\u010dni fotograf sem prejel \u0161tevilne mednarodne nagrade, sem tudi predavatelj in mentor na podro\u010dju poro\u010dne fotografije. V veliko zadovoljstvo mi je dokumentirati poroke, zaobljube, ter izvajati zaro\u010dna fotografiranja in druga fotografiranja zaljubljenih parov v Portoro\u017eu, drugod v Sloveniji in po celem svetu.<\/p>\n\n\n\n<p class=\"has-text-align-center\">*<\/p>\n\n\n\n<figure class=\"wp-block-gallery aligncenter columns-0 is-cropped\"><ul class=\"blocks-gallery-grid\"><li class=\"blocks-gallery-item\"><figure><img loading=\"lazy\" width=\"900\" height=\"601\" src=\"https:\/\/www.samorovan.com\/wp-content\/uploads\/2020\/01\/portoroz-porocni-fotograf-Samo-Rovan-01-900x601.jpg\" alt=\"\" data-id=\"87689\" data-full-url=\"https:\/\/www.samorovan.com\/wp-content\/uploads\/2020\/01\/portoroz-porocni-fotograf-Samo-Rovan-01.jpg\" data-link=\"https:\/\/www.samorovan.com\/sl\/portoroz-porocni-fotograf\/portoroz-porocni-fotograf-samo-rovan-01\/\" class=\"wp-image-87689\"\/><\/figure><\/li><\/ul><\/figure>\n\n\n\n<p>Eden izmed mojih najpresti\u017enej\u0161ih profesionalnih dose\u017ekov je bila osvojitev naslova &#8216;POY 2015 &#8211; WPJA Photographer of the Year&#8217; (ZDA).&nbsp;<\/p>\n\n\n\n<p class=\"has-text-align-center\">*<\/p>\n\n\n\n<figure class=\"wp-block-gallery aligncenter columns-0 is-cropped\"><ul class=\"blocks-gallery-grid\"><\/ul><\/figure>\n\n\n\n<p><em>\u201cStrastno navdu\u0161en sem nad ljubeznijo in \u017eivljenjem. Vsaka poroka mi pomeni veliko in neponovljivo praznovanje obeh. Najve\u010dja nagrada so moje stranke, ki so vedno znova vzhi\u010dene nad svojimi poro\u010dnimi fotografijami. Po\u010da\u0161\u010den bom, \u010de bom lahko del vajine edinstvene poro\u010dne zgodbe in ujel naravno, za vaju in vajine najbli\u017eje, vse tiste dragocene trenutke kot vajin poro\u010dni fotograf v Portoro\u017eu.&#8221;&nbsp;<\/em><\/p>\n\n\n\n<p class=\"has-text-align-center\">*<\/p>\n\n\n\n<figure class=\"wp-block-gallery aligncenter columns-0 is-cropped\"><ul class=\"blocks-gallery-grid\"><\/ul><\/figure>\n\n\n\n<p>Fotografiram na svoj izviren kreativni na\u010din. Moj stil je prepoznaven v svetu. Kot artisti\u010dno dokumentarni pripovedovalec zgodb in poro\u010dni fotograf v Portoro\u017eu, sem poznan predvsem po svoji strastni, zabavni, sve\u017ei, pa tudi \u010dustveni, iskreni in izvrstni poro\u010dni fotografiji. Vabim vaju, da si ogledata moj&nbsp;<a href=\"https:\/\/www.samorovan.com\/sl\/zgodbe\/\">PORTFOLIO in brez\u010dasne PORO\u010cNE ZGODBE<\/a>.<\/p>\n\n\n\n<p class=\"has-text-align-center\">*<\/p>\n\n\n\n<figure class=\"wp-block-gallery aligncenter columns-0 is-cropped\"><ul class=\"blocks-gallery-grid\"><\/ul><\/figure>\n\n\n\n<figure class=\"wp-block-gallery aligncenter columns-0 is-cropped\"><ul class=\"blocks-gallery-grid\"><li class=\"blocks-gallery-item\"><figure><img loading=\"lazy\" width=\"900\" height=\"601\" src=\"https:\/\/www.samorovan.com\/wp-content\/uploads\/2020\/01\/portoroz-porocni-fotograf-Samo-Rovan-04-900x601.jpg\" alt=\"\" data-id=\"87695\" data-full-url=\"https:\/\/www.samorovan.com\/wp-content\/uploads\/2020\/01\/portoroz-porocni-fotograf-Samo-Rovan-04.jpg\" data-link=\"https:\/\/www.samorovan.com\/sl\/portoroz-porocni-fotograf\/portoroz-porocni-fotograf-samo-rovan-04\/\" class=\"wp-image-87695\"\/><\/figure><\/li><\/ul><\/figure>\n\n\n\n<p>Izvajam personalizirane storitve, prilagojene osebno vsakemu paru. Vedno se potrudim po svojih najbolj\u0161ih mo\u010deh, da ustvarim za par pristne spomine na njun poseben dan, ki jih bosta lahko ohranila za vedno. Moje neverjetne stranke so moja najve\u010dja inspiracija! Lepo vabljena na mojo spletno stran, kjer lahko izvesta&nbsp;<a href=\"https:\/\/www.samorovan.com\/sl\/\">ve\u010d o meni in moji poro\u010dni fotografiji<\/a>.<\/p>\n\n\n\n<p class=\"has-text-align-center\">*<\/p>\n\n\n\n<figure class=\"wp-block-gallery aligncenter columns-0 is-cropped\"><ul class=\"blocks-gallery-grid\"><\/ul><\/figure>\n\n\n\n<p>\u010ce so vaju moje fotografije prevzele in vama je v\u0161e\u010d moj stil, se prosim ne obotavljajta in me kontaktirajta&#8230; <strong>Vesel bom vajinega sporo\u010dila in \u010de bom lahko vajin osebni poro\u010dni fotograf v Portoro\u017eu!&nbsp;<\/strong><\/p>\n","protected":false},"excerpt":{"rendered":"<p>Samo Rovan Pozdravljena, draga bodo\u010da mladoporo\u010denca! \u010cestitke za vajino zaroko!\u00a0Navdu\u0161en sem, da se \u017eelita poro\u010diti v Portoro\u017eu.\u00a0Odlo\u010dila sta se, da se bosta poro\u010dila na enem izmed najlep\u0161ih krajev v Sloveniji. Portoro\u017e ponuja \u0161tevilne \u010dudovite poro\u010dne lokacije, najbolj\u0161e koti\u010dke za poroke ali zaobljube. Res sem vesel vajine poro\u010dne avanture v Portoro\u017eu . Dobrodo\u0161la! * Sem Samo [&hellip;]<\/p>\n","protected":false},"author":1,"featured_media":0,"parent":0,"menu_order":0,"comment_status":"closed","ping_status":"closed","template":"","meta":[],"yoast_head":"<!-- This site is optimized with the Yoast SEO plugin v18.0 - https:\/\/yoast.com\/wordpress\/plugins\/seo\/ -->\n<title>PORTORO\u017d PORO\u010cNI FOTOGRAF - Samo Rovan<\/title>\n<meta name=\"description\" content=\"Sem Samo Rovan, poro\u010dni fotograf v Portoro\u017eu. Kot poro\u010dni fotograf sem prejel \u0161tevilne mednarodne nagrade, sem predavatelj in mentor poro\u010dne fotografije.\" \/>\n<meta name=\"robots\" content=\"index, follow, max-snippet:-1, max-image-preview:large, max-video-preview:-1\" \/>\n<link rel=\"canonical\" href=\"https:\/\/www.samorovan.com\/sl\/portoroz-porocni-fotograf\/\" \/>\n<meta property=\"og:locale\" content=\"sl_SI\" \/>\n<meta property=\"og:type\" content=\"article\" \/>\n<meta property=\"og:title\" content=\"PORTORO\u017d PORO\u010cNI FOTOGRAF - Samo Rovan\" \/>\n<meta property=\"og:description\" content=\"Sem Samo Rovan, poro\u010dni fotograf v Portoro\u017eu. Kot poro\u010dni fotograf sem prejel \u0161tevilne mednarodne nagrade, sem predavatelj in mentor poro\u010dne fotografije.\" \/>\n<meta property=\"og:url\" content=\"https:\/\/www.samorovan.com\/sl\/portoroz-porocni-fotograf\/\" \/>\n<meta property=\"og:site_name\" content=\"Samo Rovan\" \/>\n<meta property=\"article:publisher\" content=\"https:\/\/www.facebook.com\/Samo-Rovan-Photography-367073386638017\" \/>\n<meta property=\"article:modified_time\" content=\"2020-01-29T13:00:41+00:00\" \/>\n<meta property=\"og:image\" content=\"https:\/\/www.samorovan.com\/wp-content\/uploads\/2020\/01\/portoroz-porocni-fotograf-Samo-Rovan-01-900x601.jpg\" \/>\n<meta name=\"twitter:card\" content=\"summary_large_image\" \/>\n<meta name=\"twitter:site\" content=\"@samorovan\" \/>\n<meta name=\"twitter:label1\" content=\"Est. reading time\" \/>\n\t<meta name=\"twitter:data1\" content=\"2 minuti\" \/>\n<script type=\"application\/ld+json\" class=\"yoast-schema-graph\">{\"@context\":\"https:\/\/schema.org\",\"@graph\":[{\"@type\":\"Organization\",\"@id\":\"https:\/\/www.samorovan.com\/#organization\",\"name\":\"Samo Rovan Photography\",\"url\":\"https:\/\/www.samorovan.com\/\",\"sameAs\":[\"https:\/\/www.facebook.com\/Samo-Rovan-Photography-367073386638017\",\"https:\/\/www.instagram.com\/samorovan\/\",\"https:\/\/www.pinterest.com\/samorovan\/\",\"https:\/\/twitter.com\/samorovan\"],\"logo\":{\"@type\":\"ImageObject\",\"@id\":\"https:\/\/www.samorovan.com\/#logo\",\"inLanguage\":\"sl-SI\",\"url\":\"https:\/\/www.samorovan.com\/wp-content\/uploads\/2018\/02\/Samo-Rovan-Exclusive-Wedding-Photographer-logo-v1.png\",\"contentUrl\":\"https:\/\/www.samorovan.com\/wp-content\/uploads\/2018\/02\/Samo-Rovan-Exclusive-Wedding-Photographer-logo-v1.png\",\"width\":\"1066\",\"height\":\"340\",\"caption\":\"Samo Rovan Photography\"},\"image\":{\"@id\":\"https:\/\/www.samorovan.com\/#logo\"}},{\"@type\":\"WebSite\",\"@id\":\"https:\/\/www.samorovan.com\/#website\",\"url\":\"https:\/\/www.samorovan.com\/\",\"name\":\"Samo Rovan Exclusive Wedding Photographer\",\"description\":\"exclusive wedding photographer\",\"publisher\":{\"@id\":\"https:\/\/www.samorovan.com\/#organization\"},\"potentialAction\":[{\"@type\":\"SearchAction\",\"target\":{\"@type\":\"EntryPoint\",\"urlTemplate\":\"https:\/\/www.samorovan.com\/?s={search_term_string}\"},\"query-input\":\"required name=search_term_string\"}],\"inLanguage\":\"sl-SI\"},{\"@type\":\"ImageObject\",\"@id\":\"https:\/\/www.samorovan.com\/sl\/portoroz-porocni-fotograf\/#primaryimage\",\"inLanguage\":\"sl-SI\",\"url\":\"https:\/\/www.samorovan.com\/wp-content\/uploads\/2020\/01\/portoroz-porocni-fotograf-Samo-Rovan-01.jpg\",\"contentUrl\":\"https:\/\/www.samorovan.com\/wp-content\/uploads\/2020\/01\/portoroz-porocni-fotograf-Samo-Rovan-01.jpg\",\"width\":1600,\"height\":1068},{\"@type\":\"WebPage\",\"@id\":\"https:\/\/www.samorovan.com\/sl\/portoroz-porocni-fotograf\/#webpage\",\"url\":\"https:\/\/www.samorovan.com\/sl\/portoroz-porocni-fotograf\/\",\"name\":\"PORTORO\u017d PORO\u010cNI FOTOGRAF - Samo Rovan\",\"isPartOf\":{\"@id\":\"https:\/\/www.samorovan.com\/#website\"},\"primaryImageOfPage\":{\"@id\":\"https:\/\/www.samorovan.com\/sl\/portoroz-porocni-fotograf\/#primaryimage\"},\"datePublished\":\"2020-01-24T11:54:29+00:00\",\"dateModified\":\"2020-01-29T13:00:41+00:00\",\"description\":\"Sem Samo Rovan, poro\u010dni fotograf v Portoro\u017eu. Kot poro\u010dni fotograf sem prejel \u0161tevilne mednarodne nagrade, sem predavatelj in mentor poro\u010dne fotografije.\",\"breadcrumb\":{\"@id\":\"https:\/\/www.samorovan.com\/sl\/portoroz-porocni-fotograf\/#breadcrumb\"},\"inLanguage\":\"sl-SI\",\"potentialAction\":[{\"@type\":\"ReadAction\",\"target\":[\"https:\/\/www.samorovan.com\/sl\/portoroz-porocni-fotograf\/\"]}]},{\"@type\":\"BreadcrumbList\",\"@id\":\"https:\/\/www.samorovan.com\/sl\/portoroz-porocni-fotograf\/#breadcrumb\",\"itemListElement\":[{\"@type\":\"ListItem\",\"position\":1,\"name\":\"Home\",\"item\":\"https:\/\/www.samorovan.com\/sl\/\"},{\"@type\":\"ListItem\",\"position\":2,\"name\":\"PORTORO\u017d PORO\u010cNI FOTOGRAF\"}]}]}<\/script>\n<!-- \/ Yoast SEO plugin. -->","yoast_head_json":{"title":"PORTORO\u017d PORO\u010cNI FOTOGRAF - Samo Rovan","description":"Sem Samo Rovan, poro\u010dni fotograf v Portoro\u017eu. Kot poro\u010dni fotograf sem prejel \u0161tevilne mednarodne nagrade, sem predavatelj in mentor poro\u010dne fotografije.","robots":{"index":"index","follow":"follow","max-snippet":"max-snippet:-1","max-image-preview":"max-image-preview:large","max-video-preview":"max-video-preview:-1"},"canonical":"https:\/\/www.samorovan.com\/sl\/portoroz-porocni-fotograf\/","og_locale":"sl_SI","og_type":"article","og_title":"PORTORO\u017d PORO\u010cNI FOTOGRAF - Samo Rovan","og_description":"Sem Samo Rovan, poro\u010dni fotograf v Portoro\u017eu. Kot poro\u010dni fotograf sem prejel \u0161tevilne mednarodne nagrade, sem predavatelj in mentor poro\u010dne fotografije.","og_url":"https:\/\/www.samorovan.com\/sl\/portoroz-porocni-fotograf\/","og_site_name":"Samo Rovan","article_publisher":"https:\/\/www.facebook.com\/Samo-Rovan-Photography-367073386638017","article_modified_time":"2020-01-29T13:00:41+00:00","og_image":[{"url":"https:\/\/www.samorovan.com\/wp-content\/uploads\/2020\/01\/portoroz-porocni-fotograf-Samo-Rovan-01-900x601.jpg"}],"twitter_card":"summary_large_image","twitter_site":"@samorovan","twitter_misc":{"Est. reading time":"2 minuti"},"schema":{"@context":"https:\/\/schema.org","@graph":[{"@type":"Organization","@id":"https:\/\/www.samorovan.com\/#organization","name":"Samo Rovan Photography","url":"https:\/\/www.samorovan.com\/","sameAs":["https:\/\/www.facebook.com\/Samo-Rovan-Photography-367073386638017","https:\/\/www.instagram.com\/samorovan\/","https:\/\/www.pinterest.com\/samorovan\/","https:\/\/twitter.com\/samorovan"],"logo":{"@type":"ImageObject","@id":"https:\/\/www.samorovan.com\/#logo","inLanguage":"sl-SI","url":"https:\/\/www.samorovan.com\/wp-content\/uploads\/2018\/02\/Samo-Rovan-Exclusive-Wedding-Photographer-logo-v1.png","contentUrl":"https:\/\/www.samorovan.com\/wp-content\/uploads\/2018\/02\/Samo-Rovan-Exclusive-Wedding-Photographer-logo-v1.png","width":"1066","height":"340","caption":"Samo Rovan Photography"},"image":{"@id":"https:\/\/www.samorovan.com\/#logo"}},{"@type":"WebSite","@id":"https:\/\/www.samorovan.com\/#website","url":"https:\/\/www.samorovan.com\/","name":"Samo Rovan Exclusive Wedding Photographer","description":"exclusive wedding photographer","publisher":{"@id":"https:\/\/www.samorovan.com\/#organization"},"potentialAction":[{"@type":"SearchAction","target":{"@type":"EntryPoint","urlTemplate":"https:\/\/www.samorovan.com\/?s={search_term_string}"},"query-input":"required name=search_term_string"}],"inLanguage":"sl-SI"},{"@type":"ImageObject","@id":"https:\/\/www.samorovan.com\/sl\/portoroz-porocni-fotograf\/#primaryimage","inLanguage":"sl-SI","url":"https:\/\/www.samorovan.com\/wp-content\/uploads\/2020\/01\/portoroz-porocni-fotograf-Samo-Rovan-01.jpg","contentUrl":"https:\/\/www.samorovan.com\/wp-content\/uploads\/2020\/01\/portoroz-porocni-fotograf-Samo-Rovan-01.jpg","width":1600,"height":1068},{"@type":"WebPage","@id":"https:\/\/www.samorovan.com\/sl\/portoroz-porocni-fotograf\/#webpage","url":"https:\/\/www.samorovan.com\/sl\/portoroz-porocni-fotograf\/","name":"PORTORO\u017d PORO\u010cNI FOTOGRAF - Samo Rovan","isPartOf":{"@id":"https:\/\/www.samorovan.com\/#website"},"primaryImageOfPage":{"@id":"https:\/\/www.samorovan.com\/sl\/portoroz-porocni-fotograf\/#primaryimage"},"datePublished":"2020-01-24T11:54:29+00:00","dateModified":"2020-01-29T13:00:41+00:00","description":"Sem Samo Rovan, poro\u010dni fotograf v Portoro\u017eu. Kot poro\u010dni fotograf sem prejel \u0161tevilne mednarodne nagrade, sem predavatelj in mentor poro\u010dne fotografije.","breadcrumb":{"@id":"https:\/\/www.samorovan.com\/sl\/portoroz-porocni-fotograf\/#breadcrumb"},"inLanguage":"sl-SI","potentialAction":[{"@type":"ReadAction","target":["https:\/\/www.samorovan.com\/sl\/portoroz-porocni-fotograf\/"]}]},{"@type":"BreadcrumbList","@id":"https:\/\/www.samorovan.com\/sl\/portoroz-porocni-fotograf\/#breadcrumb","itemListElement":[{"@type":"ListItem","position":1,"name":"Home","item":"https:\/\/www.samorovan.com\/sl\/"},{"@type":"ListItem","position":2,"name":"PORTORO\u017d PORO\u010cNI FOTOGRAF"}]}]}},"_links":{"self":[{"href":"https:\/\/www.samorovan.com\/sl\/wp-json\/wp\/v2\/pages\/87195"}],"collection":[{"href":"https:\/\/www.samorovan.com\/sl\/wp-json\/wp\/v2\/pages"}],"about":[{"href":"https:\/\/www.samorovan.com\/sl\/wp-json\/wp\/v2\/types\/page"}],"author":[{"embeddable":true,"href":"https:\/\/www.samorovan.com\/sl\/wp-json\/wp\/v2\/users\/1"}],"replies":[{"embeddable":true,"href":"https:\/\/www.samorovan.com\/sl\/wp-json\/wp\/v2\/comments?post=87195"}],"version-history":[{"count":0,"href":"https:\/\/www.samorovan.com\/sl\/wp-json\/wp\/v2\/pages\/87195\/revisions"}],"wp:attachment":[{"href":"https:\/\/www.samorovan.com\/sl\/wp-json\/wp\/v2\/media?parent=87195"}],"curies":[{"name":"wp","href":"https:\/\/api.w.org\/{rel}","templated":true}]}}